{"id":660,"date":"2022-11-12T22:07:27","date_gmt":"2022-11-12T21:07:27","guid":{"rendered":"https:\/\/monsterparking.es\/bedingungen-und-konditionen\/"},"modified":"2025-06-30T14:55:48","modified_gmt":"2025-06-30T12:55:48","slug":"bedingungen-und-konditionen","status":"publish","type":"page","link":"https:\/\/monsterparking.es\/de\/bedingungen-und-konditionen\/","title":{"rendered":"AGB"},"content":{"rendered":"<p>[et_pb_section fb_built=&#8220;1&#8243; _builder_version=&#8220;4.19.0&#8243; background_color=&#8220;#160d88&#8243; custom_padding=&#8220;0px||0px||true&#8220; global_colors_info=&#8220;{}&#8220;][et_pb_row column_structure=&#8220;3_5,2_5&#8243; use_custom_gutter=&#8220;on&#8220; gutter_width=&#8220;1&#8243; padding_top_bottom_link_2=&#8220;true&#8220; _builder_version=&#8220;4.19.0&#8243; width=&#8220;100%&#8220; max_width=&#8220;85%&#8220; custom_padding=&#8220;0px||0px&#8220; global_colors_info=&#8220;{}&#8220;][et_pb_column type=&#8220;3_5&#8243; module_class=&#8220;home_cta_below_header&#8220; _builder_version=&#8220;4.19.0&#8243; custom_padding=&#8220;|||&#8220; global_colors_info=&#8220;{}&#8220; custom_padding__hover=&#8220;|||&#8220;][et_pb_text _builder_version=&#8220;4.19.0&#8243; text_font=&#8220;|800||on|||||&#8220; text_font_size=&#8220;27px&#8220; header_font=&#8220;||||||||&#8220; header_3_font=&#8220;||||||||&#8220; header_3_text_align=&#8220;center&#8220; header_3_text_color=&#8220;#ffffff&#8220; header_3_font_size=&#8220;28px&#8220; custom_margin=&#8220;18px||&#8220; custom_margin_tablet=&#8220;||0px&#8220; custom_margin_phone=&#8220;&#8220; custom_margin_last_edited=&#8220;on|tablet&#8220; custom_padding_tablet=&#8220;||0px&#8220; custom_padding_phone=&#8220;&#8220; custom_padding_last_edited=&#8220;on|desktop&#8220; global_colors_info=&#8220;{}&#8220;]<\/p>\n<h3>Monster Parking Allgemeine Gesch\u00e4ftsbedingungen (AGB)<\/h3>\n<p>[\/et_pb_text][\/et_pb_column][et_pb_column type=&#8220;2_5&#8243; _builder_version=&#8220;4.16&#8243; custom_padding=&#8220;10px||10px|&#8220; custom_padding_tablet=&#8220;0px||&#8220; custom_padding_phone=&#8220;&#8220; custom_padding_last_edited=&#8220;on|tablet&#8220; global_colors_info=&#8220;{}&#8220; padding_tablet=&#8220;0px||&#8220; padding_last_edited=&#8220;on|tablet&#8220; custom_padding__hover=&#8220;|||&#8220; padding_phone=&#8220;0px||&#8220;][et_pb_button button_url=&#8220;https:\/\/monsterparking.es\/de\/buch\/&#8220; button_text=&#8220;Jetzt buchen&#8220; button_alignment=&#8220;center&#8220; _builder_version=&#8220;4.19.0&#8243; custom_button=&#8220;on&#8220; button_text_size=&#8220;18px&#8220; button_text_color=&#8220;#FFFFFF&#8220; button_bg_color=&#8220;#ea7500&#8243; button_border_width=&#8220;0px&#8220; button_font=&#8220;|700||on|||||&#8220; button_use_icon=&#8220;off&#8220; custom_margin=&#8220;0px|||&#8220; custom_margin_tablet=&#8220;|||&#8220; custom_margin_phone=&#8220;&#8220; custom_margin_last_edited=&#8220;on|desktop&#8220; custom_padding=&#8220;10px|25px|10px|25px|true|true&#8220; global_colors_info=&#8220;{}&#8220; button_bg_color__hover_enabled=&#8220;on|desktop&#8220; button_bg_color__hover=&#8220;#fa4c11&#8243; button_bg_enable_color__hover=&#8220;on&#8220;][\/et_pb_button][\/et_pb_column][\/et_pb_row][\/et_pb_section][et_pb_section fb_built=&#8220;1&#8243; _builder_version=&#8220;4.16&#8243; background_color=&#8220;#f9f9f9&#8243; global_colors_info=&#8220;{}&#8220;][et_pb_row use_custom_gutter=&#8220;on&#8220; _builder_version=&#8220;4.19.0&#8243; max_width=&#8220;99%&#8220; module_alignment=&#8220;center&#8220; global_colors_info=&#8220;{}&#8220;][et_pb_column type=&#8220;4_4&#8243; _builder_version=&#8220;4.16&#8243; custom_padding=&#8220;|||&#8220; global_colors_info=&#8220;{}&#8220; custom_padding__hover=&#8220;|||&#8220;][et_pb_text _builder_version=&#8220;4.22.1&#8243; _module_preset=&#8220;default&#8220; global_colors_info=&#8220;{}&#8220;]<\/p>\n<div class=\"qodef-unordered-list \">\n<ul class=\"tos\">\n<li>Jede Buchung beinhaltet einen kostenlosen Hin- und einen kostenlosen R\u00fccktransfer. Wenn Sie mehr Transfers in Anspruch nehmen m\u00f6chten, kostet jeder weitere Transfer 5\u20ac extra.<\/li>\n<li>Die Nutzung des Parkplatzes unterliegt zu jeder Zeit den Nutzungsbedingungen, die in der Vertragsannahme wiedergegeben sind und auf unserer Website <a class=\"text-blue font-weight-bold\" href=\"https:\/\/www.monsterparking.es\/\">www.monsterparking.es zu finden sind .<\/a><\/li>\n<li>Die Fahrzeuge werden auf Kosten und Gefahr des Kunden bei der Gesellschaft hinterlegt. F\u00fcr den Fall eines Schadensfalls hat das Unternehmen eine Haftpflichtversicherung abgeschlossen, die seine rechtlichen Anspr\u00fcche abdeckt.<\/li>\n<li class=\"font-weight-bold\">Der Kunde ist verpflichtet, die Schl\u00fcssel bei der Firma zu hinterlegen.<\/li>\n<li>Keiner der Mitarbeiter oder Vertreter des Unternehmens haftet pers\u00f6nlich oder individuell f\u00fcr Unf\u00e4lle, Verluste oder Sch\u00e4den, die an Personen, Fahrzeugen, Zubeh\u00f6r oder Inhalten verursacht werden. F\u00fcr alle im Fahrzeug zur\u00fcckgelassenen Gegenst\u00e4nde tr\u00e4gt der Kunde die alleinige Verantwortung.<\/li>\n<li>Fahrzeuge, die nicht innerhalb von drei Monaten nach Ablauf des Vertrags reklamiert werden, k\u00f6nnen den zust\u00e4ndigen Beh\u00f6rden zur Deckung der entstandenen oder entstehenden Kosten zur Verf\u00fcgung gestellt werden.<\/li>\n<li>Der Kunde akzeptiert und autorisiert das Personal des Unternehmens, seine Fahrzeuge innerhalb der Einrichtungen des Unternehmens zu bewegen, um die vertraglich vereinbarten Dienstleistungen, die Fahrzeugw\u00e4sche, die Reifen- oder Batteriewartung, die vertraglich vereinbarten mechanischen Dienstleistungen usw. durchzuf\u00fchren, sowie die notwendigen Bewegungen f\u00fcr die Ausf\u00fchrung der anderen Dienstleistungen, die dies erfordern.<\/li>\n<li>Die Verwendung von Schutzabdeckungen liegt in der alleinigen und ausschlie\u00dflichen Verantwortung des Kunden, der sie anbringen und sicherstellen muss, dass sie korrekt befestigt sind.<\/li>\n<li>Der Kunde muss das Unternehmen mindestens 48 Stunden im Voraus und IMMER per E-Mail an Officemonsterparkingalicante@gmail.com \u00fcber die Bewegungen seines Fahrzeugs informieren <a href=\"mailto:Officemonsterparkingalicante@gmail.com\">.<\/a><a class=\"text-blue font-weight-bold\" href=\"mailto:monsterparking@faircarrent.com\"><\/a><\/li>\n<li>Falls der Kunde vor oder nach dem in seiner Buchung vorgesehenen Datum zur\u00fcckkehren muss, muss er uns 24 Stunden im Voraus informieren, bevor er auf unserem Parkplatz ankommt oder zum Flughafen Alicante-Elche Miguel Hern\u00e1ndez zur\u00fcckkehrt. Um uns \u00fcber diese \u00c4nderung zu informieren, m\u00fcssen Sie uns (24 Stunden im Voraus) per Telefon und\/oder WhatsApp unter +34651315116 oder per E-Mail <a href=\"mailto:Officemonsterparkingalicante@gmail.com\">Officemonsterparkingalicante@gmail.com kontaktieren .<\/a><\/li>\n<li>Wir arbeiten nur mit Reservierungen, das hei\u00dft, wenn keine Reservierungen vorliegen, wird der Parkplatz geschlossen.<\/li>\n<li>Die Erlaubnis f\u00fcr Dritte, das Fahrzeug von unserem Gel\u00e4nde zu entfernen, muss IMMER vom Vertragsinhaber mit einer eigenh\u00e4ndig unterzeichneten Vollmacht zusammen mit einer Kopie des nationalen Identit\u00e4tsdokuments (D.N.I. oder N.I.E.) des Inhabers und unter keinen Umst\u00e4nden von einer anderen Person erteilt werden.<\/li>\n<li>Die Hinterlegung eines Fahrzeugs auf unserem Gel\u00e4nde gilt als uneingeschr\u00e4nkte Annahme dieser Bedingungen.<\/li>\n<li>Diese Bedingungen stellen die gesamte Vereinbarung zwischen dem Kunden und dem Unternehmen in Bezug auf die Erbringung der vertraglich vereinbarten Dienstleistungen dar.<\/li>\n<li>Wenn Sie eine Reservierung im System vornehmen, werden Ihre Daten als Nutzer im Sinne des Datenschutzgesetzes in diesem registriert, so dass Sie in unsere Kundendatenbank f\u00fcr die interne Verwaltung des Parkplatzes aufgenommen werden. Wir garantieren Ihnen auch, dass Ihre Daten niemals an eine Stelle au\u00dferhalb von Monster Parking weitergegeben oder verkauft werden.<\/li>\n<li>Jahresvertr\u00e4ge beinhalten 12 bis maximal 12 Abholungen und Lieferungen zum und vom Flughafen. Das Abklemmen der Batterie, das Anbringen der Abdeckung und das Waschen des Fahrzeugs sind NICHT in der Jahresgeb\u00fchr von 300 \u20ac enthalten. Der Vertrag verl\u00e4ngert sich NICHT automatisch. Jede Vertragsverl\u00e4ngerung muss von Monster Parking akzeptiert werden. F\u00fcr Autos OHNE Vertrag berechnen wir zus\u00e4tzlich 2 \u20ac pro Tag.<\/li>\n<li>\n<p data-start=\"101\" data-end=\"462\">Monster Parking beh\u00e4lt sich das Recht vor, die physischen Einrichtungen, in denen Fahrzeuge abgestellt werden, an einen anderen Standort zu verlegen, der unter der Marke Monster Parking betrieben wird und sich in der N\u00e4he des Flughafens Alicante befindet. Im Falle einer solchen Verlegung wird der Kunde im Voraus \u00fcber geeignete Kommunikationskan\u00e4le informiert.<\/p>\n<p data-start=\"464\" data-end=\"1003\">Eine solche Standort\u00e4nderung stellt keine \u00c4nderung der Bedingungen, Qualit\u00e4t, Sicherheit oder der vertraglich vereinbarten Leistungen dar. Der Vertrag wird zwischen dem Kunden und der Marke Monster Parking als juristische Person geschlossen und ist nicht an eine bestimmte physische Adresse gebunden. Mit der Annahme dieser Gesch\u00e4ftsbedingungen erkennt der Kunde ausdr\u00fccklich an und erkl\u00e4rt sich damit einverstanden, dass sich der genaue Standort der Parkeinrichtung innerhalb der festgelegten Betriebszonen des Dienstleisters \u00e4ndern kann.<\/p>\n<\/li>\n<\/ul>\n<p>&nbsp;<\/p>\n<h2>Parken Gesetz<\/h2>\n<h3>Pflichten des Parkhausbesitzers<\/h3>\n<p>Gem\u00e4\u00df dem Gesetz zur Regelung von Vertr\u00e4gen \u00fcber das Parken von Fahrzeugen (Gesetz 40\/2022 vom 14. November) haftet der Eigent\u00fcmer des Parkplatzes f\u00fcr alle Sch\u00e4den, die das Fahrzeug oder der Benutzer erleidet, mit Ausnahme von Sch\u00e4den, die von Dritten (anderen Kunden) verursacht werden. Das Unternehmen haftet in den folgenden F\u00e4llen:<\/p>\n<ul>\n<li>Personensch\u00e4den, die auf den schlechten Zustand oder die mangelhafte Wartung der Anlagen zur\u00fcckzuf\u00fchren sind.<\/li>\n<li>Sch\u00e4den am Fahrzeug, die unter anderem durch Erdrutsche oder \u00dcberschwemmungen infolge von Rohrbr\u00fcchen entstanden sind.<\/li>\n<\/ul>\n<p><strong>Sie werden nicht abgedeckt:<\/strong><\/p>\n<ul>\n<li>Sch\u00e4den, die durch Wetterph\u00e4nomene auf nicht \u00fcberdachten Parkpl\u00e4tzen verursacht werden.<\/li>\n<li>Diebstahlsch\u00e4den, einschlie\u00dflich zerbrochener Scheiben oder des Verschwindens des Fahrzeugs.<\/li>\n<li>Verlust von nicht fest eingebautem oder abnehmbarem Fahrzeugzubeh\u00f6r.<\/li>\n<\/ul>\n<p>Eine Reklamation wird nur bearbeitet, wenn sie gemeldet wird, w\u00e4hrend sich das Fahrzeug auf unserem Gel\u00e4nde befindet. Au\u00dferdem h\u00e4lt der Parkplatz Beschwerdeformulare f\u00fcr den Verbraucher bereit.<\/p>\n<h3>Verpflichtungen der Benutzer<\/h3>\n<p>Der Kunde muss alle nicht fest eingebauten Gegenst\u00e4nde und Zubeh\u00f6rteile aus dem Fahrzeug entfernen, wie z.B. Radio, Dokumentation oder Mobiltelefon, da das Unternehmen nicht f\u00fcr deren Verlust oder Diebstahl verantwortlich ist.<\/p>\n<p>Auch:<\/p>\n<ul>\n<li>Wir \u00fcbernehmen keine Haftung f\u00fcr den Verlust oder die Besch\u00e4digung von Schutzh\u00fcllen sowie f\u00fcr deren Anbringung.<\/li>\n<li>Bei der Abholung des Fahrzeugs ist die Vorlage des Tickets oder der Quittung obligatorisch. Im Falle eines Verlusts muss der Kunde das Eigentum nachweisen. Das Unternehmen haftet nicht f\u00fcr die betr\u00fcgerische Verwendung von Dokumenten, die zu einem m\u00f6glichen Diebstahl f\u00fchren.<\/li>\n<li>Der Kunde erh\u00e4lt eine Quittung f\u00fcr den beauftragten Service mit den Eingabedaten, der Fahrzeug- und Fahreridentifikation.<\/li>\n<li>Sie haften f\u00fcr alle Sch\u00e4den, die durch unvorsichtiges Fahren auf dem Gel\u00e4nde oder durch das \u00d6ffnen von Toren in der N\u00e4he anderer Fahrzeuge verursacht werden.<\/li>\n<li>Es ist obligatorisch, mindestens <em>2 Stunden vor der<\/em> voraussichtlichen Abflugzeit am Parkplatz zu sein. Wir sind nicht verantwortlich f\u00fcr verpasste Fl\u00fcge aufgrund von Versp\u00e4tungen, die au\u00dferhalb unserer Kontrolle liegen.<\/li>\n<li>Der Transfer zum und vom Flughafen kann mit anderen Kunden geteilt werden. Der Nutzer ist daf\u00fcr verantwortlich, den Treffpunkt f\u00fcr die Abholung zu kennen.<\/li>\n<\/ul>\n<h3>Rechte des Eigent\u00fcmers des Parkplatzes<\/h3>\n<ul>\n<li>Einbehaltung des Fahrzeugs im Falle der Nichtbezahlung der Dienstleistung.<\/li>\n<li>Tarife ohne vorherige Ank\u00fcndigung zu \u00e4ndern.<\/li>\n<li>Bewegen Sie Fahrzeuge innerhalb der Anlage, um den Platz zu optimieren oder um betriebliche Anforderungen zu erf\u00fcllen.<\/li>\n<li>Erstattet keine Jahresvertragsbetr\u00e4ge f\u00fcr ungenutzte Monate.<\/li>\n<li>Wenden Sie das Verfahren nach Artikel 71 der Stra\u00dfenverkehrsordnung an, wenn ein Fahrzeug mehr als 6 Monate lang nicht mehr benutzt wird.<\/li>\n<\/ul>\n<h3>Zus\u00e4tzliche Bedingungen<\/h3>\n<ul>\n<li>Das Unternehmen haftet nicht f\u00fcr mechanische Defekte, Probleme mit Fenstern oder elektrischen Fensterhebern, Reifenpannen oder das Fehlen einer Fahrzeugbatterie. Wir werden jedoch im Rahmen unserer M\u00f6glichkeiten Hilfe anbieten.<\/li>\n<li>Wir \u00fcbernehmen keine Haftung f\u00fcr den Verlust von abnehmbaren Teilen wie Kunststoffen, Auspuffendrohren oder Spiegelglas.<\/li>\n<li>Wir behalten uns das Recht vor, Fahrzeuge in schlechtem Zustand oder von gro\u00dfer Gr\u00f6\u00dfe abzulehnen, wenn wir der Meinung sind, dass sie Probleme verursachen k\u00f6nnten.<\/li>\n<li>F\u00fcr Fahrzeuge mit einer L\u00e4nge von mehr als 5 Metern (gro\u00dfe Lieferwagen usw.) wird ein Aufschlag von 20% erhoben, f\u00fcr Wohnwagen zus\u00e4tzlich 65%. Diese Geb\u00fchr wird Ihnen bei der \u00dcbernahme des Fahrzeugs mitgeteilt.<\/li>\n<\/ul>\n<h3>Regelungen zu Versp\u00e4tungen und Zuschl\u00e4gen<\/h3>\n<ul>\n<li>Der Kunde hat einen Spielraum von <em>1 Stunde<\/em> f\u00fcr den Check-in ab dem Zeitpunkt der Ankunft. Wenn diese Zeit \u00fcberschritten wird, beh\u00e4lt sich das Unternehmen das Recht vor, die Buchung zu stornieren.<\/li>\n<li><em>F\u00fcr jede weitere Stunde<\/em> auf dem Parkplatz wird ein Aufpreis von <em>10 \u20ac<\/em> berechnet.<\/li>\n<li>Wenn die Einfahrt des Fahrzeugs <em>au\u00dferhalb der \u00d6ffnungszeiten<\/em> erfolgt, wird eine zus\u00e4tzliche Geb\u00fchr von <strong>10 \u20ac pro Stunde<\/strong> f\u00fcr die entstandenen Kosten erhoben.<\/li>\n<li><em>Ab 2:00 Uhr morgens wird f\u00fcr jede Versp\u00e4tung ein Zuschlag von 10 \u20ac pro Stunde Versp\u00e4tung als Nachtzuschlag erhoben.<\/em><\/li>\n<li><em>Versp\u00e4tet sich die Abholung durch den Kunden um mehr als 2 Stunden am Tag, kann das Unternehmen eine zus\u00e4tzliche Geb\u00fchr von 1,5 \u20ac f\u00fcr jede zus\u00e4tzliche Stunde der Parknutzung erheben.<\/em><\/li>\n<\/ul>\n<h3>Verantwortung des Kunden bei der Nutzung des Transferfahrzeugs<\/h3>\n<p>Die Kunden sind daf\u00fcr verantwortlich, die Shuttle-Fahrzeuge in angemessener und respektvoller Weise zu nutzen. Es wird erwartet, dass sie das Fahrzeug in demselben Zustand verlassen, in dem sie es betreten haben.<\/p>\n<p>Verursacht ein Kunde eine \u00fcberm\u00e4\u00dfige Verschmutzung, wie z.B. Erbrechen, Versch\u00fctten von Fl\u00fcssigkeiten oder anderen Materialien oder hygienische Sch\u00e4den, tr\u00e4gt der Kunde die Kosten f\u00fcr die Reinigung oder Reparatur, die notwendig sind, um den urspr\u00fcnglichen Zustand des Fahrzeugs wiederherzustellen. Diese Kosten k\u00f6nnen je nach Ausma\u00df des Schadens variieren, betragen aber mindestens 25 \u20ac.<\/p>\n<p>Wenn sich ein Kunde unwohl f\u00fchlt, informieren Sie den Fahrer bitte so schnell wie m\u00f6glich, um unn\u00f6tige Sch\u00e4den zu vermeiden.<\/p>\n<p>Unser Flughafentransfer-Service ist abh\u00e4ngig von der Nachfrage und dem Verkehrsaufkommen und kann zwischen <em>5 und 35 Minuten<\/em> dauern.<\/p>\n<h3>Klausel zur \u00c4nderung der Parksituation<\/h3>\n<p>Ab dem 30. September 2025 beh\u00e4lt sich Monster Parking das Recht vor, den Ort, an dem die Fahrzeuge gelagert werden, in eine andere, von der Marke verwaltete Einrichtung in der N\u00e4he des Flughafens Alicante zu verlegen. In einem solchen Fall wird der Kunde im Voraus benachrichtigt.<\/p>\n<p>Diese m\u00f6gliche \u00dcbertragung hat keinen Einfluss auf die Qualit\u00e4t, die Sicherheit und die Bedingungen der vertraglich vereinbarten Dienstleistung. Der Vertrag besteht zwischen dem Kunden und der Marke Monster Parking und ist nicht an eine bestimmte Parkadresse gebunden. Mit der Annahme dieser Bedingungen erkennt der Kunde an und akzeptiert, dass der genaue Standort des Parkplatzes innerhalb unserer Betriebsgebiete variieren kann.<\/p>\n<p><strong>Vollst\u00e4ndiges Gesetz zum Parken:<\/strong> <a href=\"https:\/\/www.boe.es\/buscar\/doc.php?id=BOE-A-2002-22187\">Gesetz 40\/2002 vom 14. November 2002 zur Regelung von Parkvertr\u00e4gen f\u00fcr Fahrzeuge<\/a>.<\/p>\n<\/div>\n<p>[\/et_pb_text][\/et_pb_column][\/et_pb_row][\/et_pb_section]<\/p>\n","protected":false},"excerpt":{"rendered":"<p>Monster Parking Allgemeine Gesch\u00e4ftsbedingungen (AGB) Jede Buchung beinhaltet einen kostenlosen Hin- und einen kostenlosen R\u00fccktransfer. Wenn Sie mehr Transfers in Anspruch nehmen m\u00f6chten, kostet jeder weitere Transfer 5\u20ac extra. Die Nutzung des Parkplatzes unterliegt zu jeder Zeit den Nutzungsbedingungen, die in der Vertragsannahme wiedergegeben sind und auf unserer Website www.monsterparking.es zu finden sind . Die [&hellip;]<\/p>\n","protected":false},"author":1,"featured_media":0,"parent":0,"menu_order":0,"comment_status":"closed","ping_status":"closed","template":"","meta":{"_et_pb_use_builder":"on","_et_pb_old_content":"","_et_gb_content_width":"","_monsterinsights_skip_tracking":false,"_monsterinsights_sitenote_active":false,"_monsterinsights_sitenote_note":"","_monsterinsights_sitenote_category":0,"footnotes":""},"dipi_cpt_category":[],"class_list":["post-660","page","type-page","status-publish","hentry"],"yoast_head":"<!-- This site is optimized with the Yoast SEO plugin v27.2 - https:\/\/yoast.com\/product\/yoast-seo-wordpress\/ -->\n<title>AGB - Monster Parking<\/title>\n<meta name=\"robots\" content=\"index, follow, max-snippet:-1, max-image-preview:large, max-video-preview:-1\" \/>\n<link rel=\"canonical\" href=\"https:\/\/monsterparking.es\/de\/bedingungen-und-konditionen\/\" \/>\n<meta property=\"og:locale\" content=\"de_DE\" \/>\n<meta property=\"og:type\" content=\"article\" \/>\n<meta property=\"og:title\" content=\"AGB - Monster Parking\" \/>\n<meta property=\"og:description\" content=\"Monster Parking Allgemeine Gesch\u00e4ftsbedingungen (AGB) Jede Buchung beinhaltet einen kostenlosen Hin- und einen kostenlosen R\u00fccktransfer. Wenn Sie mehr Transfers in Anspruch nehmen m\u00f6chten, kostet jeder weitere Transfer 5\u20ac extra. Die Nutzung des Parkplatzes unterliegt zu jeder Zeit den Nutzungsbedingungen, die in der Vertragsannahme wiedergegeben sind und auf unserer Website www.monsterparking.es zu finden sind . Die [&hellip;]\" \/>\n<meta property=\"og:url\" content=\"https:\/\/monsterparking.es\/de\/bedingungen-und-konditionen\/\" \/>\n<meta property=\"og:site_name\" content=\"Monster Parking\" \/>\n<meta property=\"article:publisher\" content=\"https:\/\/www.facebook.com\/people\/Monster-Parking\/\" \/>\n<meta property=\"article:modified_time\" content=\"2025-06-30T12:55:48+00:00\" \/>\n<meta name=\"twitter:card\" content=\"summary_large_image\" \/>\n<meta name=\"twitter:label1\" content=\"Gesch\u00e4tzte Lesezeit\" \/>\n\t<meta name=\"twitter:data1\" content=\"10\u00a0Minuten\" \/>\n<script type=\"application\/ld+json\" class=\"yoast-schema-graph\">{\"@context\":\"https:\/\/schema.org\",\"@graph\":[{\"@type\":\"WebPage\",\"@id\":\"https:\/\/monsterparking.es\/de\/bedingungen-und-konditionen\/\",\"url\":\"https:\/\/monsterparking.es\/de\/bedingungen-und-konditionen\/\",\"name\":\"AGB - Monster Parking\",\"isPartOf\":{\"@id\":\"https:\/\/monsterparking.es\/en\/#website\"},\"datePublished\":\"2022-11-12T21:07:27+00:00\",\"dateModified\":\"2025-06-30T12:55:48+00:00\",\"breadcrumb\":{\"@id\":\"https:\/\/monsterparking.es\/de\/bedingungen-und-konditionen\/#breadcrumb\"},\"inLanguage\":\"de\",\"potentialAction\":[{\"@type\":\"ReadAction\",\"target\":[\"https:\/\/monsterparking.es\/de\/bedingungen-und-konditionen\/\"]}]},{\"@type\":\"BreadcrumbList\",\"@id\":\"https:\/\/monsterparking.es\/de\/bedingungen-und-konditionen\/#breadcrumb\",\"itemListElement\":[{\"@type\":\"ListItem\",\"position\":1,\"name\":\"Portada\",\"item\":\"https:\/\/monsterparking.es\/\"},{\"@type\":\"ListItem\",\"position\":2,\"name\":\"AGB\"}]},{\"@type\":\"WebSite\",\"@id\":\"https:\/\/monsterparking.es\/en\/#website\",\"url\":\"https:\/\/monsterparking.es\/en\/\",\"name\":\"Monster Parking\",\"description\":\"Alicante Airport Parking\",\"publisher\":{\"@id\":\"https:\/\/monsterparking.es\/en\/#organization\"},\"potentialAction\":[{\"@type\":\"SearchAction\",\"target\":{\"@type\":\"EntryPoint\",\"urlTemplate\":\"https:\/\/monsterparking.es\/en\/?s={search_term_string}\"},\"query-input\":{\"@type\":\"PropertyValueSpecification\",\"valueRequired\":true,\"valueName\":\"search_term_string\"}}],\"inLanguage\":\"de\"},{\"@type\":\"Organization\",\"@id\":\"https:\/\/monsterparking.es\/en\/#organization\",\"name\":\"Monster Parking\",\"url\":\"https:\/\/monsterparking.es\/en\/\",\"logo\":{\"@type\":\"ImageObject\",\"inLanguage\":\"de\",\"@id\":\"https:\/\/monsterparking.es\/en\/#\/schema\/logo\/image\/\",\"url\":\"https:\/\/monsterparking.es\/wp-content\/uploads\/2022\/11\/cropped-header-logo.png\",\"contentUrl\":\"https:\/\/monsterparking.es\/wp-content\/uploads\/2022\/11\/cropped-header-logo.png\",\"width\":512,\"height\":512,\"caption\":\"Monster Parking\"},\"image\":{\"@id\":\"https:\/\/monsterparking.es\/en\/#\/schema\/logo\/image\/\"},\"sameAs\":[\"https:\/\/www.facebook.com\/people\/Monster-Parking\/\",\"https:\/\/www.instagram.com\/monsterparking\/\"]}]}<\/script>\n<!-- \/ Yoast SEO plugin. -->","yoast_head_json":{"title":"AGB - Monster Parking","robots":{"index":"index","follow":"follow","max-snippet":"max-snippet:-1","max-image-preview":"max-image-preview:large","max-video-preview":"max-video-preview:-1"},"canonical":"https:\/\/monsterparking.es\/de\/bedingungen-und-konditionen\/","og_locale":"de_DE","og_type":"article","og_title":"AGB - Monster Parking","og_description":"Monster Parking Allgemeine Gesch\u00e4ftsbedingungen (AGB) Jede Buchung beinhaltet einen kostenlosen Hin- und einen kostenlosen R\u00fccktransfer. Wenn Sie mehr Transfers in Anspruch nehmen m\u00f6chten, kostet jeder weitere Transfer 5\u20ac extra. Die Nutzung des Parkplatzes unterliegt zu jeder Zeit den Nutzungsbedingungen, die in der Vertragsannahme wiedergegeben sind und auf unserer Website www.monsterparking.es zu finden sind . Die [&hellip;]","og_url":"https:\/\/monsterparking.es\/de\/bedingungen-und-konditionen\/","og_site_name":"Monster Parking","article_publisher":"https:\/\/www.facebook.com\/people\/Monster-Parking\/","article_modified_time":"2025-06-30T12:55:48+00:00","twitter_card":"summary_large_image","twitter_misc":{"Gesch\u00e4tzte Lesezeit":"10\u00a0Minuten"},"schema":{"@context":"https:\/\/schema.org","@graph":[{"@type":"WebPage","@id":"https:\/\/monsterparking.es\/de\/bedingungen-und-konditionen\/","url":"https:\/\/monsterparking.es\/de\/bedingungen-und-konditionen\/","name":"AGB - Monster Parking","isPartOf":{"@id":"https:\/\/monsterparking.es\/en\/#website"},"datePublished":"2022-11-12T21:07:27+00:00","dateModified":"2025-06-30T12:55:48+00:00","breadcrumb":{"@id":"https:\/\/monsterparking.es\/de\/bedingungen-und-konditionen\/#breadcrumb"},"inLanguage":"de","potentialAction":[{"@type":"ReadAction","target":["https:\/\/monsterparking.es\/de\/bedingungen-und-konditionen\/"]}]},{"@type":"BreadcrumbList","@id":"https:\/\/monsterparking.es\/de\/bedingungen-und-konditionen\/#breadcrumb","itemListElement":[{"@type":"ListItem","position":1,"name":"Portada","item":"https:\/\/monsterparking.es\/"},{"@type":"ListItem","position":2,"name":"AGB"}]},{"@type":"WebSite","@id":"https:\/\/monsterparking.es\/en\/#website","url":"https:\/\/monsterparking.es\/en\/","name":"Monster Parking","description":"Alicante Airport Parking","publisher":{"@id":"https:\/\/monsterparking.es\/en\/#organization"},"potentialAction":[{"@type":"SearchAction","target":{"@type":"EntryPoint","urlTemplate":"https:\/\/monsterparking.es\/en\/?s={search_term_string}"},"query-input":{"@type":"PropertyValueSpecification","valueRequired":true,"valueName":"search_term_string"}}],"inLanguage":"de"},{"@type":"Organization","@id":"https:\/\/monsterparking.es\/en\/#organization","name":"Monster Parking","url":"https:\/\/monsterparking.es\/en\/","logo":{"@type":"ImageObject","inLanguage":"de","@id":"https:\/\/monsterparking.es\/en\/#\/schema\/logo\/image\/","url":"https:\/\/monsterparking.es\/wp-content\/uploads\/2022\/11\/cropped-header-logo.png","contentUrl":"https:\/\/monsterparking.es\/wp-content\/uploads\/2022\/11\/cropped-header-logo.png","width":512,"height":512,"caption":"Monster Parking"},"image":{"@id":"https:\/\/monsterparking.es\/en\/#\/schema\/logo\/image\/"},"sameAs":["https:\/\/www.facebook.com\/people\/Monster-Parking\/","https:\/\/www.instagram.com\/monsterparking\/"]}]}},"_links":{"self":[{"href":"https:\/\/monsterparking.es\/de\/wp-json\/wp\/v2\/pages\/660","targetHints":{"allow":["GET"]}}],"collection":[{"href":"https:\/\/monsterparking.es\/de\/wp-json\/wp\/v2\/pages"}],"about":[{"href":"https:\/\/monsterparking.es\/de\/wp-json\/wp\/v2\/types\/page"}],"author":[{"embeddable":true,"href":"https:\/\/monsterparking.es\/de\/wp-json\/wp\/v2\/users\/1"}],"replies":[{"embeddable":true,"href":"https:\/\/monsterparking.es\/de\/wp-json\/wp\/v2\/comments?post=660"}],"version-history":[{"count":19,"href":"https:\/\/monsterparking.es\/de\/wp-json\/wp\/v2\/pages\/660\/revisions"}],"predecessor-version":[{"id":2016,"href":"https:\/\/monsterparking.es\/de\/wp-json\/wp\/v2\/pages\/660\/revisions\/2016"}],"wp:attachment":[{"href":"https:\/\/monsterparking.es\/de\/wp-json\/wp\/v2\/media?parent=660"}],"wp:term":[{"taxonomy":"dipi_cpt_category","embeddable":true,"href":"https:\/\/monsterparking.es\/de\/wp-json\/wp\/v2\/dipi_cpt_category?post=660"}],"curies":[{"name":"wp","href":"https:\/\/api.w.org\/{rel}","templated":true}]}}