{"id":1111,"date":"2023-03-28T18:15:53","date_gmt":"2023-03-28T16:15:53","guid":{"rendered":"https:\/\/monsterparking.es\/vertraege\/"},"modified":"2025-06-30T18:21:29","modified_gmt":"2025-06-30T16:21:29","slug":"vertraege","status":"publish","type":"page","link":"https:\/\/monsterparking.es\/de\/vertraege\/","title":{"rendered":"VERTR\u00c4GE"},"content":{"rendered":"<p>[et_pb_section fb_built=&#8220;1&#8243; _builder_version=&#8220;4.19.0&#8243; background_color=&#8220;#160d88&#8243; custom_padding=&#8220;0px||0px||true&#8220; global_colors_info=&#8220;{}&#8220;][et_pb_row column_structure=&#8220;3_5,2_5&#8243; use_custom_gutter=&#8220;on&#8220; gutter_width=&#8220;1&#8243; padding_top_bottom_link_2=&#8220;true&#8220; _builder_version=&#8220;4.19.0&#8243; width=&#8220;100%&#8220; max_width=&#8220;85%&#8220; custom_padding=&#8220;0px||0px&#8220; global_colors_info=&#8220;{}&#8220;][et_pb_column type=&#8220;3_5&#8243; module_class=&#8220;home_cta_below_header&#8220; _builder_version=&#8220;4.19.0&#8243; custom_padding=&#8220;|||&#8220; global_colors_info=&#8220;{}&#8220; custom_padding__hover=&#8220;|||&#8220;][et_pb_text _builder_version=&#8220;4.19.0&#8243; text_font=&#8220;|800||on|||||&#8220; text_font_size=&#8220;27px&#8220; header_font=&#8220;||||||||&#8220; header_3_font=&#8220;||||||||&#8220; header_3_text_align=&#8220;center&#8220; header_3_text_color=&#8220;#ffffff&#8220; header_3_font_size=&#8220;28px&#8220; custom_margin=&#8220;18px||&#8220; custom_margin_tablet=&#8220;||0px&#8220; custom_margin_phone=&#8220;&#8220; custom_margin_last_edited=&#8220;on|tablet&#8220; custom_padding_tablet=&#8220;||0px&#8220; custom_padding_phone=&#8220;&#8220; custom_padding_last_edited=&#8220;on|desktop&#8220; global_colors_info=&#8220;{}&#8220;]<\/p>\n<h3>Profitieren Sie von unserem Angebot f\u00fcr Stammkunden.<\/h3>\n<p>[\/et_pb_text][\/et_pb_column][et_pb_column type=&#8220;2_5&#8243; _builder_version=&#8220;4.16&#8243; custom_padding=&#8220;10px||10px|&#8220; custom_padding_tablet=&#8220;0px||&#8220; custom_padding_phone=&#8220;&#8220; custom_padding_last_edited=&#8220;on|tablet&#8220; global_colors_info=&#8220;{}&#8220; padding_tablet=&#8220;0px||&#8220; padding_last_edited=&#8220;on|tablet&#8220; custom_padding__hover=&#8220;|||&#8220; padding_phone=&#8220;0px||&#8220;][et_pb_button button_url=&#8220;https:\/\/monsterparking.es\/de\/eingeben\/&#8220; button_text=&#8220;Heute anmelden&#8220; button_alignment=&#8220;center&#8220; _builder_version=&#8220;4.19.0&#8243; custom_button=&#8220;on&#8220; button_text_size=&#8220;18px&#8220; button_text_color=&#8220;#FFFFFF&#8220; button_bg_color=&#8220;#ea7500&#8243; button_border_width=&#8220;0px&#8220; button_font=&#8220;|700||on|||||&#8220; button_use_icon=&#8220;off&#8220; custom_margin=&#8220;0px|||&#8220; custom_margin_tablet=&#8220;|||&#8220; custom_margin_phone=&#8220;&#8220; custom_margin_last_edited=&#8220;on|desktop&#8220; custom_padding=&#8220;10px|25px|10px|25px|true|true&#8220; global_colors_info=&#8220;{}&#8220; button_bg_color__hover_enabled=&#8220;on|desktop&#8220; button_bg_color__hover=&#8220;#fa4c11&#8243; button_bg_enable_color__hover=&#8220;on&#8220;][\/et_pb_button][\/et_pb_column][\/et_pb_row][\/et_pb_section][et_pb_section fb_built=&#8220;1&#8243; _builder_version=&#8220;4.22.1&#8243; _module_preset=&#8220;default&#8220; global_colors_info=&#8220;{}&#8220;][et_pb_row _builder_version=&#8220;4.22.1&#8243; _module_preset=&#8220;default&#8220; custom_padding=&#8220;||7px|||&#8220; global_colors_info=&#8220;{}&#8220;][et_pb_column type=&#8220;4_4&#8243; _builder_version=&#8220;4.22.1&#8243; _module_preset=&#8220;default&#8220; global_colors_info=&#8220;{}&#8220;][et_pb_text _builder_version=&#8220;4.22.1&#8243; _module_preset=&#8220;default&#8220; hover_enabled=&#8220;0&#8243; global_colors_info=&#8220;{}&#8220; sticky_enabled=&#8220;0&#8243;]<\/p>\n<h2>Sonderangebot: Sichern Sie sich jetzt Ihren Jahresplatz f\u00fcr nur 270 \u20ac!<\/h2>\n<p>Sie suchen nach einer problemlosen Parkl\u00f6sung in der N\u00e4he des Flughafens Alicante f\u00fcr das ganze Jahr? Monsterparking bietet Ihnen ein <strong>zeitlich begrenztes, exklusives Angebot<\/strong> f\u00fcr den j\u00e4hrlichen Shuttle-Parkservice &#8211; nur <strong>\u20ac270 f\u00fcr das ganze Jahr.<\/strong><\/p>\n<ul>\n<li>Inklusive 12 Shuttle-Transfers (Hin- und R\u00fcckfahrt)<\/li>\n<li>Sicheres und bewachtes Parken im Freien<\/li>\n<li>Ideal f\u00fcr Vielreisende, Besitzer eines Zweitwohnsitzes und Expatriates<\/li>\n<li>Normaler Preis: \u00a3300 &#8211; jetzt nur \u00a3270 mit unserem Einf\u00fchrungsangebot mit dem Code: ANNUAL10<\/li>\n<\/ul>\n<p>Vermeiden Sie den Stress, jedes Mal zu buchen: Mit dem Jahresplan von Monsterparking ist Ihr Parkplatz immer garantiert.<\/p>\n<p><strong>Das Angebot gilt nur f\u00fcr einen begrenzten Zeitraum &#8211; nutzen Sie es jetzt und sparen Sie 30 \u20ac!<\/strong><br \/>\n[\/et_pb_text][\/et_pb_column][\/et_pb_row][et_pb_row use_custom_gutter=&#8220;on&#8220; _builder_version=&#8220;4.19.0&#8243; width=&#8220;98%&#8220; max_width=&#8220;99%&#8220; module_alignment=&#8220;center&#8220; global_colors_info=&#8220;{}&#8220;][et_pb_column type=&#8220;4_4&#8243; _builder_version=&#8220;4.16&#8243; custom_padding=&#8220;|||&#8220; global_colors_info=&#8220;{}&#8220; custom_padding__hover=&#8220;|||&#8220;][et_pb_code raw_content_tablet=&#8220;%91iframe src=%22https:\/\/monsterparking.myparking.pro\/forms\/706a1cda-2547-4dc3-b3af-ac2048adfbc8?culture=es-ES&#038;hideHeader%22 width=%22100%%22 height=%223200%22%93&#8243; raw_content_phone=&#8220;%91iframe src=%22https:\/\/monsterparking.myparking.pro\/forms\/706a1cda-2547-4dc3-b3af-ac2048adfbc8?culture=es-ES&#038;hideHeader%22 width=%22100%%22 height=%224400%22%93&#8243; raw_content_last_edited=&#8220;on|phone&#8220; _builder_version=&#8220;4.19.5&#8243; _module_preset=&#8220;default&#8220; global_colors_info=&#8220;{}&#8220;]\n<!-- iframe plugin v.6.0 wordpress.org\/plugins\/iframe\/ -->\n<iframe loading=\"lazy\" src=\"https:\/\/monsterparking.myparking.pro\/forms\/706a1cda-2547-4dc3-b3af-ac2048adfbc8?culture=es-ES&#038;hideHeader\" width=\"100%\" height=\"3000\" scrolling=\"yes\" class=\"iframe-class\" frameborder=\"0\"><\/iframe>\n[\/et_pb_code][\/et_pb_column][\/et_pb_row][\/et_pb_section]<\/p>\n","protected":false},"excerpt":{"rendered":"<p>Profitieren Sie von unserem Angebot f\u00fcr Stammkunden.Sonderangebot: Sichern Sie sich jetzt Ihren Jahresplatz f\u00fcr nur 270 \u20ac! Sie suchen nach einer problemlosen Parkl\u00f6sung in der N\u00e4he des Flughafens Alicante f\u00fcr das ganze Jahr? Monsterparking bietet Ihnen ein zeitlich begrenztes, exklusives Angebot f\u00fcr den j\u00e4hrlichen Shuttle-Parkservice &#8211; nur \u20ac270 f\u00fcr das ganze Jahr. Inklusive 12 Shuttle-Transfers [&hellip;]<\/p>\n","protected":false},"author":1,"featured_media":0,"parent":0,"menu_order":0,"comment_status":"closed","ping_status":"closed","template":"","meta":{"_et_pb_use_builder":"on","_et_pb_old_content":"","_et_gb_content_width":"","_monsterinsights_skip_tracking":false,"_monsterinsights_sitenote_active":false,"_monsterinsights_sitenote_note":"","_monsterinsights_sitenote_category":0,"footnotes":""},"dipi_cpt_category":[],"class_list":["post-1111","page","type-page","status-publish","hentry"],"yoast_head":"<!-- This site is optimized with the Yoast SEO plugin v27.2 - https:\/\/yoast.com\/product\/yoast-seo-wordpress\/ -->\n<title>VERTR\u00c4GE - Monster Parking<\/title>\n<meta name=\"robots\" content=\"index, follow, max-snippet:-1, max-image-preview:large, max-video-preview:-1\" \/>\n<link rel=\"canonical\" href=\"https:\/\/monsterparking.es\/de\/vertraege\/\" \/>\n<meta property=\"og:locale\" content=\"de_DE\" \/>\n<meta property=\"og:type\" content=\"article\" \/>\n<meta property=\"og:title\" content=\"VERTR\u00c4GE - Monster Parking\" \/>\n<meta property=\"og:description\" content=\"Profitieren Sie von unserem Angebot f\u00fcr Stammkunden.Sonderangebot: Sichern Sie sich jetzt Ihren Jahresplatz f\u00fcr nur 270 \u20ac! Sie suchen nach einer problemlosen Parkl\u00f6sung in der N\u00e4he des Flughafens Alicante f\u00fcr das ganze Jahr? Monsterparking bietet Ihnen ein zeitlich begrenztes, exklusives Angebot f\u00fcr den j\u00e4hrlichen Shuttle-Parkservice - nur \u20ac270 f\u00fcr das ganze Jahr. Inklusive 12 Shuttle-Transfers [&hellip;]\" \/>\n<meta property=\"og:url\" content=\"https:\/\/monsterparking.es\/de\/vertraege\/\" \/>\n<meta property=\"og:site_name\" content=\"Monster Parking\" \/>\n<meta property=\"article:publisher\" content=\"https:\/\/www.facebook.com\/people\/Monster-Parking\/\" \/>\n<meta property=\"article:modified_time\" content=\"2025-06-30T16:21:29+00:00\" \/>\n<meta name=\"twitter:card\" content=\"summary_large_image\" \/>\n<meta name=\"twitter:label1\" content=\"Gesch\u00e4tzte Lesezeit\" \/>\n\t<meta name=\"twitter:data1\" content=\"3\u00a0Minuten\" \/>\n<script type=\"application\/ld+json\" class=\"yoast-schema-graph\">{\"@context\":\"https:\/\/schema.org\",\"@graph\":[{\"@type\":\"WebPage\",\"@id\":\"https:\/\/monsterparking.es\/de\/vertraege\/\",\"url\":\"https:\/\/monsterparking.es\/de\/vertraege\/\",\"name\":\"VERTR\u00c4GE - Monster Parking\",\"isPartOf\":{\"@id\":\"https:\/\/monsterparking.es\/en\/#website\"},\"datePublished\":\"2023-03-28T16:15:53+00:00\",\"dateModified\":\"2025-06-30T16:21:29+00:00\",\"breadcrumb\":{\"@id\":\"https:\/\/monsterparking.es\/de\/vertraege\/#breadcrumb\"},\"inLanguage\":\"de\",\"potentialAction\":[{\"@type\":\"ReadAction\",\"target\":[\"https:\/\/monsterparking.es\/de\/vertraege\/\"]}]},{\"@type\":\"BreadcrumbList\",\"@id\":\"https:\/\/monsterparking.es\/de\/vertraege\/#breadcrumb\",\"itemListElement\":[{\"@type\":\"ListItem\",\"position\":1,\"name\":\"Portada\",\"item\":\"https:\/\/monsterparking.es\/\"},{\"@type\":\"ListItem\",\"position\":2,\"name\":\"VERTR\u00c4GE\"}]},{\"@type\":\"WebSite\",\"@id\":\"https:\/\/monsterparking.es\/en\/#website\",\"url\":\"https:\/\/monsterparking.es\/en\/\",\"name\":\"Monster Parking\",\"description\":\"Alicante Airport Parking\",\"publisher\":{\"@id\":\"https:\/\/monsterparking.es\/en\/#organization\"},\"potentialAction\":[{\"@type\":\"SearchAction\",\"target\":{\"@type\":\"EntryPoint\",\"urlTemplate\":\"https:\/\/monsterparking.es\/en\/?s={search_term_string}\"},\"query-input\":{\"@type\":\"PropertyValueSpecification\",\"valueRequired\":true,\"valueName\":\"search_term_string\"}}],\"inLanguage\":\"de\"},{\"@type\":\"Organization\",\"@id\":\"https:\/\/monsterparking.es\/en\/#organization\",\"name\":\"Monster Parking\",\"url\":\"https:\/\/monsterparking.es\/en\/\",\"logo\":{\"@type\":\"ImageObject\",\"inLanguage\":\"de\",\"@id\":\"https:\/\/monsterparking.es\/en\/#\/schema\/logo\/image\/\",\"url\":\"https:\/\/monsterparking.es\/wp-content\/uploads\/2022\/11\/cropped-header-logo.png\",\"contentUrl\":\"https:\/\/monsterparking.es\/wp-content\/uploads\/2022\/11\/cropped-header-logo.png\",\"width\":512,\"height\":512,\"caption\":\"Monster Parking\"},\"image\":{\"@id\":\"https:\/\/monsterparking.es\/en\/#\/schema\/logo\/image\/\"},\"sameAs\":[\"https:\/\/www.facebook.com\/people\/Monster-Parking\/\",\"https:\/\/www.instagram.com\/monsterparking\/\"]}]}<\/script>\n<!-- \/ Yoast SEO plugin. -->","yoast_head_json":{"title":"VERTR\u00c4GE - Monster Parking","robots":{"index":"index","follow":"follow","max-snippet":"max-snippet:-1","max-image-preview":"max-image-preview:large","max-video-preview":"max-video-preview:-1"},"canonical":"https:\/\/monsterparking.es\/de\/vertraege\/","og_locale":"de_DE","og_type":"article","og_title":"VERTR\u00c4GE - Monster Parking","og_description":"Profitieren Sie von unserem Angebot f\u00fcr Stammkunden.Sonderangebot: Sichern Sie sich jetzt Ihren Jahresplatz f\u00fcr nur 270 \u20ac! Sie suchen nach einer problemlosen Parkl\u00f6sung in der N\u00e4he des Flughafens Alicante f\u00fcr das ganze Jahr? Monsterparking bietet Ihnen ein zeitlich begrenztes, exklusives Angebot f\u00fcr den j\u00e4hrlichen Shuttle-Parkservice - nur \u20ac270 f\u00fcr das ganze Jahr. Inklusive 12 Shuttle-Transfers [&hellip;]","og_url":"https:\/\/monsterparking.es\/de\/vertraege\/","og_site_name":"Monster Parking","article_publisher":"https:\/\/www.facebook.com\/people\/Monster-Parking\/","article_modified_time":"2025-06-30T16:21:29+00:00","twitter_card":"summary_large_image","twitter_misc":{"Gesch\u00e4tzte Lesezeit":"3\u00a0Minuten"},"schema":{"@context":"https:\/\/schema.org","@graph":[{"@type":"WebPage","@id":"https:\/\/monsterparking.es\/de\/vertraege\/","url":"https:\/\/monsterparking.es\/de\/vertraege\/","name":"VERTR\u00c4GE - Monster Parking","isPartOf":{"@id":"https:\/\/monsterparking.es\/en\/#website"},"datePublished":"2023-03-28T16:15:53+00:00","dateModified":"2025-06-30T16:21:29+00:00","breadcrumb":{"@id":"https:\/\/monsterparking.es\/de\/vertraege\/#breadcrumb"},"inLanguage":"de","potentialAction":[{"@type":"ReadAction","target":["https:\/\/monsterparking.es\/de\/vertraege\/"]}]},{"@type":"BreadcrumbList","@id":"https:\/\/monsterparking.es\/de\/vertraege\/#breadcrumb","itemListElement":[{"@type":"ListItem","position":1,"name":"Portada","item":"https:\/\/monsterparking.es\/"},{"@type":"ListItem","position":2,"name":"VERTR\u00c4GE"}]},{"@type":"WebSite","@id":"https:\/\/monsterparking.es\/en\/#website","url":"https:\/\/monsterparking.es\/en\/","name":"Monster Parking","description":"Alicante Airport Parking","publisher":{"@id":"https:\/\/monsterparking.es\/en\/#organization"},"potentialAction":[{"@type":"SearchAction","target":{"@type":"EntryPoint","urlTemplate":"https:\/\/monsterparking.es\/en\/?s={search_term_string}"},"query-input":{"@type":"PropertyValueSpecification","valueRequired":true,"valueName":"search_term_string"}}],"inLanguage":"de"},{"@type":"Organization","@id":"https:\/\/monsterparking.es\/en\/#organization","name":"Monster Parking","url":"https:\/\/monsterparking.es\/en\/","logo":{"@type":"ImageObject","inLanguage":"de","@id":"https:\/\/monsterparking.es\/en\/#\/schema\/logo\/image\/","url":"https:\/\/monsterparking.es\/wp-content\/uploads\/2022\/11\/cropped-header-logo.png","contentUrl":"https:\/\/monsterparking.es\/wp-content\/uploads\/2022\/11\/cropped-header-logo.png","width":512,"height":512,"caption":"Monster Parking"},"image":{"@id":"https:\/\/monsterparking.es\/en\/#\/schema\/logo\/image\/"},"sameAs":["https:\/\/www.facebook.com\/people\/Monster-Parking\/","https:\/\/www.instagram.com\/monsterparking\/"]}]}},"_links":{"self":[{"href":"https:\/\/monsterparking.es\/de\/wp-json\/wp\/v2\/pages\/1111","targetHints":{"allow":["GET"]}}],"collection":[{"href":"https:\/\/monsterparking.es\/de\/wp-json\/wp\/v2\/pages"}],"about":[{"href":"https:\/\/monsterparking.es\/de\/wp-json\/wp\/v2\/types\/page"}],"author":[{"embeddable":true,"href":"https:\/\/monsterparking.es\/de\/wp-json\/wp\/v2\/users\/1"}],"replies":[{"embeddable":true,"href":"https:\/\/monsterparking.es\/de\/wp-json\/wp\/v2\/comments?post=1111"}],"version-history":[{"count":13,"href":"https:\/\/monsterparking.es\/de\/wp-json\/wp\/v2\/pages\/1111\/revisions"}],"predecessor-version":[{"id":2026,"href":"https:\/\/monsterparking.es\/de\/wp-json\/wp\/v2\/pages\/1111\/revisions\/2026"}],"wp:attachment":[{"href":"https:\/\/monsterparking.es\/de\/wp-json\/wp\/v2\/media?parent=1111"}],"wp:term":[{"taxonomy":"dipi_cpt_category","embeddable":true,"href":"https:\/\/monsterparking.es\/de\/wp-json\/wp\/v2\/dipi_cpt_category?post=1111"}],"curies":[{"name":"wp","href":"https:\/\/api.w.org\/{rel}","templated":true}]}}